{"id":5066,"date":"2025-04-14T06:34:07","date_gmt":"2025-04-14T06:34:07","guid":{"rendered":"https:\/\/sandraperezsanto.fr\/?page_id=5066"},"modified":"2025-04-18T07:43:03","modified_gmt":"2025-04-18T07:43:03","slug":"blog-2","status":"publish","type":"page","link":"https:\/\/sandraperezsanto.fr\/?page_id=5066","title":{"rendered":"Blog"},"content":{"rendered":"\t\t<div data-elementor-type=\"wp-page\" data-elementor-id=\"5066\" class=\"elementor elementor-5066\">\n\t\t\t\t<div class=\"elementor-element elementor-element-dc8e1fa e-flex e-con-boxed wpr-particle-no wpr-jarallax-no wpr-parallax-no wpr-sticky-section-no wpr-equal-height-no e-con e-parent\" data-id=\"dc8e1fa\" data-element_type=\"container\" data-e-type=\"container\">\n\t\t\t\t\t<div class=\"e-con-inner\">\n\t\t\t\t<div class=\"elementor-element elementor-element-6319cd4 wpr-grid-columns-3 wpr-grid-columns--tablet2 wpr-grid-columns--mobile1 wpr-grid-pagination-center wpr-item-styles-inner elementor-widget elementor-widget-wpr-grid\" data-id=\"6319cd4\" data-element_type=\"widget\" data-e-type=\"widget\" data-widget_type=\"wpr-grid.default\">\n\t\t\t\t<div class=\"elementor-widget-container\">\n\t\t\t\t\t<ul class=\"wpr-grid-filters elementor-clearfix wpr-grid-filters-sep-right\"><li class=\" wpr-pointer-none wpr-pointer-line-fx wpr-pointer-fx-none\"><span  data-filter=\"*\" class=\"wpr-grid-filters-item wpr-active-filter \">All Posts<\/span><em class=\"wpr-grid-filters-sep\"><\/em><\/li><li class=\" wpr-pointer-none wpr-pointer-line-fx wpr-pointer-fx-none\"><span   data-ajax-filter=[\"category\",\"cat-test\"]  data-filter=\".category-cat-test\">Exemple de cat\u00e9gorie<\/span><em class=\"wpr-grid-filters-sep\"><\/em><\/li><li class=\" wpr-pointer-none wpr-pointer-line-fx wpr-pointer-fx-none\"><span   data-ajax-filter=[\"category\",\"categoriegestalt\"]  data-filter=\".category-categoriegestalt\">Gestalt<\/span><em class=\"wpr-grid-filters-sep\"><\/em><\/li><li class=\" wpr-pointer-none wpr-pointer-line-fx wpr-pointer-fx-none\"><span   data-ajax-filter=[\"category\",\"massage-articles\"]  data-filter=\".category-massage-articles\">Massage<\/span><em class=\"wpr-grid-filters-sep\"><\/em><\/li><li class=\" wpr-pointer-none wpr-pointer-line-fx wpr-pointer-fx-none\"><span   data-ajax-filter=[\"category\",\"tous\"]  data-filter=\".category-tous\">Pas de cat\u00e9gorie<\/span><em class=\"wpr-grid-filters-sep\"><\/em><\/li><\/ul><section class=\"wpr-grid elementor-clearfix\" data-settings=\"{&quot;layout&quot;:&quot;fitRows&quot;,&quot;stick_last_element_to_bottom&quot;:&quot;&quot;,&quot;columns_desktop&quot;:3,&quot;gutter_hr&quot;:15,&quot;gutter_hr_mobile&quot;:15,&quot;gutter_hr_mobile_extra&quot;:15,&quot;gutter_hr_tablet&quot;:15,&quot;gutter_hr_tablet_extra&quot;:15,&quot;gutter_hr_laptop&quot;:15,&quot;gutter_hr_widescreen&quot;:15,&quot;gutter_vr&quot;:15,&quot;gutter_vr_mobile&quot;:15,&quot;gutter_vr_mobile_extra&quot;:15,&quot;gutter_vr_tablet&quot;:15,&quot;gutter_vr_tablet_extra&quot;:15,&quot;gutter_vr_laptop&quot;:15,&quot;gutter_vr_widescreen&quot;:15,&quot;animation&quot;:&quot;default&quot;,&quot;animation_duration&quot;:0.3,&quot;animation_delay&quot;:0.1,&quot;deeplinking&quot;:&quot;&quot;,&quot;filters_linkable&quot;:&quot;no&quot;,&quot;filters_default_filter&quot;:&quot;&quot;,&quot;filters_count&quot;:&quot;&quot;,&quot;filters_hide_empty&quot;:&quot;no&quot;,&quot;filters_animation&quot;:&quot;default&quot;,&quot;filters_animation_duration&quot;:0.3,&quot;filters_animation_delay&quot;:0.1,&quot;pagination_type&quot;:&quot;load-more&quot;,&quot;pagination_max_pages&quot;:1,&quot;lightbox&quot;:{&quot;selector&quot;:&quot;.wpr-grid-image-wrap&quot;,&quot;iframeMaxWidth&quot;:&quot;60%&quot;,&quot;hash&quot;:false,&quot;autoplay&quot;:&quot;true&quot;,&quot;pause&quot;:5000,&quot;progressBar&quot;:&quot;true&quot;,&quot;counter&quot;:&quot;true&quot;,&quot;controls&quot;:&quot;true&quot;,&quot;getCaptionFromTitleOrAlt&quot;:&quot;true&quot;,&quot;thumbnail&quot;:&quot;&quot;,&quot;showThumbByDefault&quot;:&quot;&quot;,&quot;share&quot;:&quot;&quot;,&quot;zoom&quot;:&quot;true&quot;,&quot;fullScreen&quot;:&quot;true&quot;,&quot;download&quot;:&quot;true&quot;}}\" data-advanced-filters=\"no\"><article class=\"wpr-grid-item elementor-clearfix post-6416 post type-post status-publish format-standard has-post-thumbnail hentry category-tous\"><div class=\"wpr-grid-item-inner\"><div class=\"wpr-grid-media-wrap wpr-effect-size-medium \" data-overlay-link=\"yes\"><div class=\"wpr-grid-image-wrap\" data-src=\"https:\/\/sandraperezsanto.fr\/wp-content\/uploads\/elementor\/thumbs\/PORTE-1-rary1bi0j40kwg62108wpd4jpx6nwom4i9jxkl2lko.webp\" data-img-on-hover=\"\"  data-src-secondary=\"\"><img decoding=\"async\" data-no-lazy=\"1\" src=\"https:\/\/sandraperezsanto.fr\/wp-content\/uploads\/elementor\/thumbs\/PORTE-1-rary1bi0j40kwg62108wpd4jpx6nwom4i9jxkl2lko.webp\" alt=\"Sortir de l\u2019enfermement, un pas \u00e0 la fois\u2026 et si \u00e7a commen\u00e7ait d\u00e8s le matin ?\" class=\"wpr-anim-timing-ease-default\"><\/div><div class=\"wpr-grid-media-hover wpr-animation-wrap\"><div class=\"wpr-grid-media-hover-bg  wpr-overlay-fade-in wpr-anim-size-large wpr-anim-timing-ease-default wpr-anim-transparency\" data-url=\"https:\/\/sandraperezsanto.fr\/?p=6416\"><\/div><\/div><\/div><div class=\"wpr-grid-item-below-content elementor-clearfix\"><h2 class=\"wpr-grid-item-title elementor-repeater-item-4f1395e wpr-grid-item-display-block wpr-grid-item-align-left wpr-pointer-none wpr-pointer-line-fx wpr-pointer-fx-fade\"><div class=\"inner-block\"><a target=\"_self\"  href=\"https:\/\/sandraperezsanto.fr\/?p=6416\">Sortir de l\u2019enfermement, un pas \u00e0 la fois\u2026 et si \u00e7a commen\u00e7ait d\u00e8s le matin ?<\/a><\/div><\/h2><div class=\"wpr-grid-item-date elementor-repeater-item-d871c3e wpr-grid-item-display-inline wpr-grid-item-align-left\"><div class=\"inner-block\"><span>ao\u00fbt 25, 2025<span class=\"wpr-grid-extra-text-right\">\/<\/span><\/span><\/div><\/div><div class=\"wpr-grid-item-comments elementor-repeater-item-6d1951f wpr-grid-item-display-inline wpr-grid-item-align-left\"><div class=\"inner-block\"><a href=\"https:\/\/sandraperezsanto.fr\/?p=6416#respond\"><span>No Comments<\/span><\/a><\/div><\/div><div class=\"wpr-grid-item-excerpt elementor-repeater-item-05f68f6 wpr-grid-item-display-block wpr-grid-item-align-left\"><div class=\"inner-block\"><p>Il est t\u00f4t. Le r\u00e9veil vient de sonner, la lumi\u00e8re du jour filtre \u00e0 travers les volets, et je m\u2019installe...<\/p><\/div><\/div><div class=\"wpr-grid-item-read-more elementor-repeater-item-568d487 wpr-grid-item-display-block wpr-grid-item-align-left\"><div class=\"inner-block\"><a target=\"_self\" href=\"https:\/\/sandraperezsanto.fr\/?p=6416\" class=\"wpr-button-effect wpr-button-none\"><span>Read More<\/span><\/a><\/div><\/div><\/div><\/div><\/article><article class=\"wpr-grid-item elementor-clearfix post-5585 post type-post status-publish format-standard has-post-thumbnail hentry category-tous\"><div class=\"wpr-grid-item-inner\"><div class=\"wpr-grid-media-wrap wpr-effect-size-medium \" data-overlay-link=\"yes\"><div class=\"wpr-grid-image-wrap\" data-src=\"https:\/\/sandraperezsanto.fr\/wp-content\/uploads\/elementor\/thumbs\/relation-toxique-mere-fille-r5vu23137bpjhce3uuavu8nv25boi1o66xpviznt88.jpg\" data-img-on-hover=\"\"  data-src-secondary=\"\"><img decoding=\"async\" data-no-lazy=\"1\" src=\"https:\/\/sandraperezsanto.fr\/wp-content\/uploads\/elementor\/thumbs\/relation-toxique-mere-fille-r5vu23137bpjhce3uuavu8nv25boi1o66xpviznt88.jpg\" alt=\"Qu\u2019est-ce qu\u2019une relation toxique ?\" class=\"wpr-anim-timing-ease-default\"><\/div><div class=\"wpr-grid-media-hover wpr-animation-wrap\"><div class=\"wpr-grid-media-hover-bg  wpr-overlay-fade-in wpr-anim-size-large wpr-anim-timing-ease-default wpr-anim-transparency\" data-url=\"https:\/\/sandraperezsanto.fr\/?p=5585\"><\/div><\/div><\/div><div class=\"wpr-grid-item-below-content elementor-clearfix\"><h2 class=\"wpr-grid-item-title elementor-repeater-item-4f1395e wpr-grid-item-display-block wpr-grid-item-align-left wpr-pointer-none wpr-pointer-line-fx wpr-pointer-fx-fade\"><div class=\"inner-block\"><a target=\"_self\"  href=\"https:\/\/sandraperezsanto.fr\/?p=5585\">Qu\u2019est-ce qu\u2019une relation toxique ?<\/a><\/div><\/h2><div class=\"wpr-grid-item-date elementor-repeater-item-d871c3e wpr-grid-item-display-inline wpr-grid-item-align-left\"><div class=\"inner-block\"><span>mai 16, 2025<span class=\"wpr-grid-extra-text-right\">\/<\/span><\/span><\/div><\/div><div class=\"wpr-grid-item-comments elementor-repeater-item-6d1951f wpr-grid-item-display-inline wpr-grid-item-align-left\"><div class=\"inner-block\"><a href=\"https:\/\/sandraperezsanto.fr\/?p=5585#respond\"><span>No Comments<\/span><\/a><\/div><\/div><div class=\"wpr-grid-item-excerpt elementor-repeater-item-05f68f6 wpr-grid-item-display-block wpr-grid-item-align-left\"><div class=\"inner-block\"><p>\u00ab Relation toxique \u00bb. Ces mots r\u00e9sonnent douloureusement chez celles et ceux qui vivent un lien o\u00f9 l\u2019amour fait mal,...<\/p><\/div><\/div><div class=\"wpr-grid-item-read-more elementor-repeater-item-568d487 wpr-grid-item-display-block wpr-grid-item-align-left\"><div class=\"inner-block\"><a target=\"_self\" href=\"https:\/\/sandraperezsanto.fr\/?p=5585\" class=\"wpr-button-effect wpr-button-none\"><span>Read More<\/span><\/a><\/div><\/div><\/div><\/div><\/article><article class=\"wpr-grid-item elementor-clearfix post-5483 post type-post status-publish format-standard has-post-thumbnail hentry category-tous\"><div class=\"wpr-grid-item-inner\"><div class=\"wpr-grid-media-wrap wpr-effect-size-medium \" data-overlay-link=\"yes\"><div class=\"wpr-grid-image-wrap\" data-src=\"https:\/\/sandraperezsanto.fr\/wp-content\/uploads\/elementor\/thumbs\/pexels-erik-karits-2093459-18641196-1-scaled-r53729y1e4ysmb693tv46s9z9ef0wvhiwqrzjdn16g.webp\" data-img-on-hover=\"\"  data-src-secondary=\"\"><img decoding=\"async\" data-no-lazy=\"1\" src=\"https:\/\/sandraperezsanto.fr\/wp-content\/uploads\/elementor\/thumbs\/pexels-erik-karits-2093459-18641196-1-scaled-r53729y1e4ysmb693tv46s9z9ef0wvhiwqrzjdn16g.webp\" alt=\"guerisonemotionnelle\" class=\"wpr-anim-timing-ease-default\"><\/div><div class=\"wpr-grid-media-hover wpr-animation-wrap\"><div class=\"wpr-grid-media-hover-bg  wpr-overlay-fade-in wpr-anim-size-large wpr-anim-timing-ease-default wpr-anim-transparency\" data-url=\"https:\/\/sandraperezsanto.fr\/?p=5483\"><\/div><\/div><\/div><div class=\"wpr-grid-item-below-content elementor-clearfix\"><h2 class=\"wpr-grid-item-title elementor-repeater-item-4f1395e wpr-grid-item-display-block wpr-grid-item-align-left wpr-pointer-none wpr-pointer-line-fx wpr-pointer-fx-fade\"><div class=\"inner-block\"><a target=\"_self\"  href=\"https:\/\/sandraperezsanto.fr\/?p=5483\">Gu\u00e9rison \u00e9motionnelle : la puissance de la Gestalt<\/a><\/div><\/h2><div class=\"wpr-grid-item-date elementor-repeater-item-d871c3e wpr-grid-item-display-inline wpr-grid-item-align-left\"><div class=\"inner-block\"><span>avril 29, 2025<span class=\"wpr-grid-extra-text-right\">\/<\/span><\/span><\/div><\/div><div class=\"wpr-grid-item-comments elementor-repeater-item-6d1951f wpr-grid-item-display-inline wpr-grid-item-align-left\"><div class=\"inner-block\"><a href=\"https:\/\/sandraperezsanto.fr\/?p=5483#respond\"><span>No Comments<\/span><\/a><\/div><\/div><div class=\"wpr-grid-item-excerpt elementor-repeater-item-05f68f6 wpr-grid-item-display-block wpr-grid-item-align-left\"><div class=\"inner-block\"><p>Gu\u00e9rissez de vos blessures \u00e9motionnelles et relationnelles gr\u00e2ce \u00e0 la Gestalt-th\u00e9rapie \u00e0 Metz. Une approche humaniste, vivante et profonde.Dans notre...<\/p><\/div><\/div><div class=\"wpr-grid-item-read-more elementor-repeater-item-568d487 wpr-grid-item-display-block wpr-grid-item-align-left\"><div class=\"inner-block\"><a target=\"_self\" href=\"https:\/\/sandraperezsanto.fr\/?p=5483\" class=\"wpr-button-effect wpr-button-none\"><span>Read More<\/span><\/a><\/div><\/div><\/div><\/div><\/article><article class=\"wpr-grid-item elementor-clearfix post-5444 post type-post status-publish format-standard has-post-thumbnail hentry category-tous\"><div class=\"wpr-grid-item-inner\"><div class=\"wpr-grid-media-wrap wpr-effect-size-medium \" data-overlay-link=\"yes\"><div class=\"wpr-grid-image-wrap\" data-src=\"https:\/\/sandraperezsanto.fr\/wp-content\/uploads\/elementor\/thumbs\/image-1-r4vrakxmj2y8n3d95inxptu7yd8unfkekon8r8iens.webp\" data-img-on-hover=\"\"  data-src-secondary=\"\"><img decoding=\"async\" data-no-lazy=\"1\" src=\"https:\/\/sandraperezsanto.fr\/wp-content\/uploads\/elementor\/thumbs\/image-1-r4vrakxmj2y8n3d95inxptu7yd8unfkekon8r8iens.webp\" alt=\"Gestalt-th\u00e9rapie Metz\" class=\"wpr-anim-timing-ease-default\"><\/div><div class=\"wpr-grid-media-hover wpr-animation-wrap\"><div class=\"wpr-grid-media-hover-bg  wpr-overlay-fade-in wpr-anim-size-large wpr-anim-timing-ease-default wpr-anim-transparency\" data-url=\"https:\/\/sandraperezsanto.fr\/?p=5444\"><\/div><\/div><\/div><div class=\"wpr-grid-item-below-content elementor-clearfix\"><h2 class=\"wpr-grid-item-title elementor-repeater-item-4f1395e wpr-grid-item-display-block wpr-grid-item-align-left wpr-pointer-none wpr-pointer-line-fx wpr-pointer-fx-fade\"><div class=\"inner-block\"><a target=\"_self\"  href=\"https:\/\/sandraperezsanto.fr\/?p=5444\">Gestalt-th\u00e9rapie \u00e0 Metz : une approche vivante et humaniste<\/a><\/div><\/h2><div class=\"wpr-grid-item-date elementor-repeater-item-d871c3e wpr-grid-item-display-inline wpr-grid-item-align-left\"><div class=\"inner-block\"><span>avril 25, 2025<span class=\"wpr-grid-extra-text-right\">\/<\/span><\/span><\/div><\/div><div class=\"wpr-grid-item-comments elementor-repeater-item-6d1951f wpr-grid-item-display-inline wpr-grid-item-align-left\"><div class=\"inner-block\"><a href=\"https:\/\/sandraperezsanto.fr\/?p=5444#respond\"><span>No Comments<\/span><\/a><\/div><\/div><div class=\"wpr-grid-item-excerpt elementor-repeater-item-05f68f6 wpr-grid-item-display-block wpr-grid-item-align-left\"><div class=\"inner-block\"><p>Vous cherchez un psychologue \u00e0 Metz, un psychanalyste, un psychoth\u00e9rapeute, ou un th\u00e9rapeute pour traverser une p\u00e9riode difficile, soulager une...<\/p><\/div><\/div><div class=\"wpr-grid-item-read-more elementor-repeater-item-568d487 wpr-grid-item-display-block wpr-grid-item-align-left\"><div class=\"inner-block\"><a target=\"_self\" href=\"https:\/\/sandraperezsanto.fr\/?p=5444\" class=\"wpr-button-effect wpr-button-none\"><span>Read More<\/span><\/a><\/div><\/div><\/div><\/div><\/article><article class=\"wpr-grid-item elementor-clearfix post-3140 post type-post status-publish format-standard has-post-thumbnail hentry category-categoriegestalt\"><div class=\"wpr-grid-item-inner\"><div class=\"wpr-grid-media-wrap wpr-effect-size-medium \" data-overlay-link=\"yes\"><div class=\"wpr-grid-image-wrap\" data-src=\"https:\/\/sandraperezsanto.fr\/wp-content\/uploads\/elementor\/thumbs\/pexels-photo-1128797-1128797-qszrxzyyhkyax4mcqp8r7i5ft8ddsbmf9w7nlv7sfs.jpg\" data-img-on-hover=\"\"  data-src-secondary=\"\"><img decoding=\"async\" data-no-lazy=\"1\" src=\"https:\/\/sandraperezsanto.fr\/wp-content\/uploads\/elementor\/thumbs\/pexels-photo-1128797-1128797-qszrxzyyhkyax4mcqp8r7i5ft8ddsbmf9w7nlv7sfs.jpg\" alt=\"pexels-photo-1128797-1128797.jpg\" class=\"wpr-anim-timing-ease-default\"><\/div><div class=\"wpr-grid-media-hover wpr-animation-wrap\"><div class=\"wpr-grid-media-hover-bg  wpr-overlay-fade-in wpr-anim-size-large wpr-anim-timing-ease-default wpr-anim-transparency\" data-url=\"https:\/\/sandraperezsanto.fr\/?p=3140\"><\/div><\/div><\/div><div class=\"wpr-grid-item-below-content elementor-clearfix\"><h2 class=\"wpr-grid-item-title elementor-repeater-item-4f1395e wpr-grid-item-display-block wpr-grid-item-align-left wpr-pointer-none wpr-pointer-line-fx wpr-pointer-fx-fade\"><div class=\"inner-block\"><a target=\"_self\"  href=\"https:\/\/sandraperezsanto.fr\/?p=3140\">Gestalt th\u00e9rapie : qu&rsquo;est ce que c&rsquo;est ?<\/a><\/div><\/h2><div class=\"wpr-grid-item-date elementor-repeater-item-d871c3e wpr-grid-item-display-inline wpr-grid-item-align-left\"><div class=\"inner-block\"><span>ao\u00fbt 28, 2024<span class=\"wpr-grid-extra-text-right\">\/<\/span><\/span><\/div><\/div><div class=\"wpr-grid-item-excerpt elementor-repeater-item-05f68f6 wpr-grid-item-display-block wpr-grid-item-align-left\"><div class=\"inner-block\"><p>Source :\u00a0Gestalt th\u00e9rapie &#8211; Qu&rsquo;est-ce que c&rsquo;est ? L\u2019Ecole Humaniste de Gestalt Tout savoir sur cette m\u00e9thode d&rsquo;accompagnement unique Cr\u00e9\u00e9e...<\/p><\/div><\/div><div class=\"wpr-grid-item-read-more elementor-repeater-item-568d487 wpr-grid-item-display-block wpr-grid-item-align-left\"><div class=\"inner-block\"><a target=\"_self\" href=\"https:\/\/sandraperezsanto.fr\/?p=3140\" class=\"wpr-button-effect wpr-button-none\"><span>Read More<\/span><\/a><\/div><\/div><\/div><\/div><\/article><\/section>\t\t\t\t<\/div>\n\t\t\t\t<\/div>\n\t\t\t\t\t<\/div>\n\t\t\t\t<\/div>\n\t\t\t\t<\/div>\n\t\t","protected":false},"excerpt":{"rendered":"","protected":false},"author":1,"featured_media":0,"parent":0,"menu_order":0,"comment_status":"closed","ping_status":"closed","template":"","meta":{"_uag_custom_page_level_css":"","_kadence_starter_templates_imported_post":false,"cybocfi_hide_featured_image":"","footnotes":""},"class_list":["post-5066","page","type-page","status-publish","hentry"],"yoast_head":"<!-- This site is optimized with the Yoast SEO plugin v27.5 - https:\/\/yoast.com\/product\/yoast-seo-wordpress\/ -->\n<title>Blog - Sandra Perez Santo - GESTALT THERAPIE<\/title>\n<meta name=\"robots\" content=\"index, follow, max-snippet:-1, max-image-preview:large, max-video-preview:-1\" \/>\n<link rel=\"canonical\" href=\"https:\/\/sandraperezsanto.fr\/?page_id=5066\" \/>\n<meta property=\"og:locale\" content=\"fr_FR\" \/>\n<meta property=\"og:type\" content=\"article\" \/>\n<meta property=\"og:title\" content=\"Blog - Sandra Perez Santo - GESTALT THERAPIE\" \/>\n<meta property=\"og:url\" content=\"https:\/\/sandraperezsanto.fr\/?page_id=5066\" \/>\n<meta property=\"og:site_name\" content=\"Sandra Perez Santo - GESTALT THERAPIE\" \/>\n<meta property=\"article:modified_time\" content=\"2025-04-18T07:43:03+00:00\" \/>\n<meta name=\"twitter:card\" content=\"summary_large_image\" \/>\n<script type=\"application\/ld+json\" class=\"yoast-schema-graph\">{\"@context\":\"https:\\\/\\\/schema.org\",\"@graph\":[{\"@type\":\"WebPage\",\"@id\":\"https:\\\/\\\/sandraperezsanto.fr\\\/?page_id=5066\",\"url\":\"https:\\\/\\\/sandraperezsanto.fr\\\/?page_id=5066\",\"name\":\"Blog - Sandra Perez Santo - GESTALT THERAPIE\",\"isPartOf\":{\"@id\":\"https:\\\/\\\/sandraperezsanto.fr\\\/#website\"},\"datePublished\":\"2025-04-14T06:34:07+00:00\",\"dateModified\":\"2025-04-18T07:43:03+00:00\",\"breadcrumb\":{\"@id\":\"https:\\\/\\\/sandraperezsanto.fr\\\/?page_id=5066#breadcrumb\"},\"inLanguage\":\"fr-FR\",\"potentialAction\":[{\"@type\":\"ReadAction\",\"target\":[\"https:\\\/\\\/sandraperezsanto.fr\\\/?page_id=5066\"]}]},{\"@type\":\"BreadcrumbList\",\"@id\":\"https:\\\/\\\/sandraperezsanto.fr\\\/?page_id=5066#breadcrumb\",\"itemListElement\":[{\"@type\":\"ListItem\",\"position\":1,\"name\":\"Accueil\",\"item\":\"https:\\\/\\\/sandraperezsanto.fr\\\/\"},{\"@type\":\"ListItem\",\"position\":2,\"name\":\"Blog\"}]},{\"@type\":\"WebSite\",\"@id\":\"https:\\\/\\\/sandraperezsanto.fr\\\/#website\",\"url\":\"https:\\\/\\\/sandraperezsanto.fr\\\/\",\"name\":\"Sandra Perez Santo - GESTALT THERAPIE\",\"description\":\"De la relation toxique \u00e0 la gu\u00e9rison \u00e9motionnelle\",\"publisher\":{\"@id\":\"https:\\\/\\\/sandraperezsanto.fr\\\/#organization\"},\"potentialAction\":[{\"@type\":\"SearchAction\",\"target\":{\"@type\":\"EntryPoint\",\"urlTemplate\":\"https:\\\/\\\/sandraperezsanto.fr\\\/?s={search_term_string}\"},\"query-input\":{\"@type\":\"PropertyValueSpecification\",\"valueRequired\":true,\"valueName\":\"search_term_string\"}}],\"inLanguage\":\"fr-FR\"},{\"@type\":\"Organization\",\"@id\":\"https:\\\/\\\/sandraperezsanto.fr\\\/#organization\",\"name\":\"Sandra Perez Santo - GESTALT THERAPIE\",\"url\":\"https:\\\/\\\/sandraperezsanto.fr\\\/\",\"logo\":{\"@type\":\"ImageObject\",\"inLanguage\":\"fr-FR\",\"@id\":\"https:\\\/\\\/sandraperezsanto.fr\\\/#\\\/schema\\\/logo\\\/image\\\/\",\"url\":\"https:\\\/\\\/sandraperezsanto.fr\\\/wp-content\\\/uploads\\\/2024\\\/08\\\/LOGO.webp\",\"contentUrl\":\"https:\\\/\\\/sandraperezsanto.fr\\\/wp-content\\\/uploads\\\/2024\\\/08\\\/LOGO.webp\",\"width\":1641,\"height\":1731,\"caption\":\"Sandra Perez Santo - GESTALT THERAPIE\"},\"image\":{\"@id\":\"https:\\\/\\\/sandraperezsanto.fr\\\/#\\\/schema\\\/logo\\\/image\\\/\"}}]}<\/script>\n<!-- \/ Yoast SEO plugin. -->","yoast_head_json":{"title":"Blog - Sandra Perez Santo - GESTALT THERAPIE","robots":{"index":"index","follow":"follow","max-snippet":"max-snippet:-1","max-image-preview":"max-image-preview:large","max-video-preview":"max-video-preview:-1"},"canonical":"https:\/\/sandraperezsanto.fr\/?page_id=5066","og_locale":"fr_FR","og_type":"article","og_title":"Blog - Sandra Perez Santo - GESTALT THERAPIE","og_url":"https:\/\/sandraperezsanto.fr\/?page_id=5066","og_site_name":"Sandra Perez Santo - GESTALT THERAPIE","article_modified_time":"2025-04-18T07:43:03+00:00","twitter_card":"summary_large_image","schema":{"@context":"https:\/\/schema.org","@graph":[{"@type":"WebPage","@id":"https:\/\/sandraperezsanto.fr\/?page_id=5066","url":"https:\/\/sandraperezsanto.fr\/?page_id=5066","name":"Blog - Sandra Perez Santo - GESTALT THERAPIE","isPartOf":{"@id":"https:\/\/sandraperezsanto.fr\/#website"},"datePublished":"2025-04-14T06:34:07+00:00","dateModified":"2025-04-18T07:43:03+00:00","breadcrumb":{"@id":"https:\/\/sandraperezsanto.fr\/?page_id=5066#breadcrumb"},"inLanguage":"fr-FR","potentialAction":[{"@type":"ReadAction","target":["https:\/\/sandraperezsanto.fr\/?page_id=5066"]}]},{"@type":"BreadcrumbList","@id":"https:\/\/sandraperezsanto.fr\/?page_id=5066#breadcrumb","itemListElement":[{"@type":"ListItem","position":1,"name":"Accueil","item":"https:\/\/sandraperezsanto.fr\/"},{"@type":"ListItem","position":2,"name":"Blog"}]},{"@type":"WebSite","@id":"https:\/\/sandraperezsanto.fr\/#website","url":"https:\/\/sandraperezsanto.fr\/","name":"Sandra Perez Santo - GESTALT THERAPIE","description":"De la relation toxique \u00e0 la gu\u00e9rison \u00e9motionnelle","publisher":{"@id":"https:\/\/sandraperezsanto.fr\/#organization"},"potentialAction":[{"@type":"SearchAction","target":{"@type":"EntryPoint","urlTemplate":"https:\/\/sandraperezsanto.fr\/?s={search_term_string}"},"query-input":{"@type":"PropertyValueSpecification","valueRequired":true,"valueName":"search_term_string"}}],"inLanguage":"fr-FR"},{"@type":"Organization","@id":"https:\/\/sandraperezsanto.fr\/#organization","name":"Sandra Perez Santo - GESTALT THERAPIE","url":"https:\/\/sandraperezsanto.fr\/","logo":{"@type":"ImageObject","inLanguage":"fr-FR","@id":"https:\/\/sandraperezsanto.fr\/#\/schema\/logo\/image\/","url":"https:\/\/sandraperezsanto.fr\/wp-content\/uploads\/2024\/08\/LOGO.webp","contentUrl":"https:\/\/sandraperezsanto.fr\/wp-content\/uploads\/2024\/08\/LOGO.webp","width":1641,"height":1731,"caption":"Sandra Perez Santo - GESTALT THERAPIE"},"image":{"@id":"https:\/\/sandraperezsanto.fr\/#\/schema\/logo\/image\/"}}]}},"uagb_featured_image_src":{"full":false,"thumbnail":false,"medium":false,"medium_large":false,"large":false,"1536x1536":false,"2048x2048":false},"uagb_author_info":{"display_name":"Sandra Perez-Santo","author_link":"https:\/\/sandraperezsanto.fr\/?author=1"},"uagb_comment_info":0,"uagb_excerpt":null,"rttpg_featured_image_url":null,"rttpg_author":{"display_name":"Sandra Perez-Santo","author_link":"https:\/\/sandraperezsanto.fr\/?author=1"},"rttpg_comment":0,"rttpg_category":"","rttpg_excerpt":null,"_links":{"self":[{"href":"https:\/\/sandraperezsanto.fr\/index.php?rest_route=\/wp\/v2\/pages\/5066","targetHints":{"allow":["GET"]}}],"collection":[{"href":"https:\/\/sandraperezsanto.fr\/index.php?rest_route=\/wp\/v2\/pages"}],"about":[{"href":"https:\/\/sandraperezsanto.fr\/index.php?rest_route=\/wp\/v2\/types\/page"}],"author":[{"embeddable":true,"href":"https:\/\/sandraperezsanto.fr\/index.php?rest_route=\/wp\/v2\/users\/1"}],"replies":[{"embeddable":true,"href":"https:\/\/sandraperezsanto.fr\/index.php?rest_route=%2Fwp%2Fv2%2Fcomments&post=5066"}],"version-history":[{"count":9,"href":"https:\/\/sandraperezsanto.fr\/index.php?rest_route=\/wp\/v2\/pages\/5066\/revisions"}],"predecessor-version":[{"id":5461,"href":"https:\/\/sandraperezsanto.fr\/index.php?rest_route=\/wp\/v2\/pages\/5066\/revisions\/5461"}],"wp:attachment":[{"href":"https:\/\/sandraperezsanto.fr\/index.php?rest_route=%2Fwp%2Fv2%2Fmedia&parent=5066"}],"curies":[{"name":"wp","href":"https:\/\/api.w.org\/{rel}","templated":true}]}}